{"id":2686,"date":"2024-01-24T21:42:01","date_gmt":"2024-01-24T19:42:01","guid":{"rendered":"http:\/\/biostatistics.med.uoa.gr\/?page_id=2686"},"modified":"2024-01-24T21:45:49","modified_gmt":"2024-01-24T19:45:49","slug":"kalpourtzi","status":"publish","type":"page","link":"https:\/\/biostatistics.med.uoa.gr\/en\/kalpourtzi\/","title":{"rendered":"Anastasia Kalpourtzi"},"content":{"rendered":"<div class=\"wp-block-themeisle-blocks-advanced-columns has-1-columns has-desktop-equal-layout has-tablet-equal-layout has-mobile-equal-layout has-default-gap has-vertical-unset\" id=\"wp-block-themeisle-blocks-advanced-columns-cf2063db\" style=\"border-width:0px;border-style:solid;border-color:#000000;border-radius:0px;justify-content:unset\"><div class=\"wp-themeisle-block-overlay\" style=\"opacity:0.5;mix-blend-mode:normal\"><\/div><div class=\"innerblocks-wrap\">\n<div class=\"wp-block-themeisle-blocks-advanced-column\" id=\"wp-block-themeisle-blocks-advanced-column-262addc4\" style=\"border-width:0px;border-style:solid;border-color:#000000;border-radius:0px\">\n<h1><img loading=\"lazy\" decoding=\"async\" class=\"alignnone  wp-image-2687\" src=\"http:\/\/biostatistics.med.uoa.gr\/wp-content\/uploads\/2024\/01\/\u039a\u0391\u039b\u03a0\u039f\u03a5\u03a1\u03a4\u0396\u0397-\u03a6\u03a9\u03a4\u039f.png\" alt=\"\" width=\"330\" height=\"202\" \/><\/h1>\n<h1>EDUCATION<\/h1>\n<p><strong>1\/03\/2016-present:<\/strong>PhD candidate, National and Kapodistrian University of Athens<\/p>\n<ul>\n<li>Thesis: \u201cPrediction of future cardiovascular disease burden in Greece and evaluation of effectiveness of intervention strategies.\u201d<\/li>\n<\/ul>\n<p><strong>09.2014-06.2017<\/strong>: MSc in Biostatistics, National and Kapodistrian University of Athens<\/p>\n<p><strong>09.2008-06.2013<\/strong>: BSc in Mathematics, Aristotle University of Thessaloniki\u00a0\u00a0\u00a0\u00a0\u00a0\u00a0\u00a0\u00a0\u00a0\u00a0\u00a0\u00a0\u00a0<\/p>\n<\/p>\n<h1>WORK EXPERIENCE<\/h1>\n<p>1\/03\/2016-present: Biostatistician <em>, Dept. of Hygiene, Epidemiology and Medical Statistics. Medical School, National and Kapodistrian University of Athens<\/em><\/p>\n<p>2019 \/ 2020 \/ 2021 \/ 2022: <em>Conducting statistical analyses for multiple research projects and evaluating the appropriateness of statistical methods, making recommendations for alternative approaches as needed.\nConducting data management and cleaning for large datasets\nWorking collaboratively with research team members to prepare manuscripts for publication<\/em><\/p>\n<ul>\n<li>Teaching Assistant<\/li>\n<\/ul>\n<h1>PUBLICATIONS<\/h1>\n<p>15. Kalpourtzi, N., Carpenter J., Touloumi G. (2023). Handling missing values in surveys with complex study design: a simulation study, Journal of Survey Statistics and methodology <br \/>14. Stergiou, G. S., Ntineri, A., Menti, A., Kalpourtzi, N., Vlachopoulos, C., Liberopoulos, E. N., &#8230; &amp; Touloumi, G. (2022). Twenty-first Century Epidemiology of Dyslipidemia in Greece: EMENO National Epidemiological Study. Hellenic Journal of Cardiology.<br \/>13. Baralou, V., Kalpourtzi, N., &amp; Touloumi, G. (2022). Individual risk prediction: Comparing random forests with Cox proportional\u2010hazards model by a simulation study. Biometrical Journal.<br \/>12. Stergiou, G. S., Menti, A., Kalpourtzi, N., Gavana, M., Vantarakis, A., Chlouverakis, G., &#8230; &amp; Touloumi, G. (2022). SCREENING FOR ATRIAL FIBRILLATION WITH ROUTINE AUTOMATED BLOOD PRESSURE MEASUREMENT IN THE ELDERLY: THE NATIONAL HEALTH SURVEY EMENO IN GREECE. Journal of Hypertension, 40(1), e14-e15.<br \/>11. Menti, A., Kalpourtzi, N., Gavana, M., Vantarakis, A., Voulgari, P. V., Hadjichristodoulou, C., &#8230; &amp; Stergiou, G. S. (2022). Opportunistic screening for hypertension: what does it say about the true epidemiology?. Journal of Human Hypertension, 36(4), 364-369.<br \/>10. Voulgari, P. V., Venetsanopoulou, A. I., Kalpourtzi, N., Gavana, M., Vantarakis, A., Hadjichristodoulou, C., &#8230; &amp; EMENO study group. (2022). Thyroid dysfunction in Greece: Results from the national health examination survey EMENO. Plos one, 17(3), e0264388.<br \/>9. Kaskafetou, S., Karakosta, A., Sypsa, V., Kalpourtzi, N., Gavana, M., Vantarakis, A., &#8230; &amp; Touloumi, G. (2022). Hepatitis B, C and Human Immunodeficiency Virus Knowledge Among the General Greek Population: Results from the Hprolipsis Nationwide Survey.<br \/>8. Gangadi, M., Kalpourtzi, N., Gavana, M., Vantarakis, A., Chlouverakis, G., Hadjichristodoulou, C., &#8230; &amp; Karakatsani, A. (2021). Prevalence of tobacco smoking and association with other unhealthy lifestyle risk factors in the general population of Greece: Results from the EMENO study. Tobacco Prevention &amp; Cessation, 7.<br \/>7. Petraki, I., Kalpourtzi, N., Terzidis, A., Gavana, M., Vantarakis, A., Rachiotis, G., &#8230; &amp; Hprolipsis Study Group. (2021). Living in Roma Settlements in Greece: Self-Perceived Health Status, Chronic Diseases and Associated Social Determinants of Health. International Journal of Environmental Research and Public Health, 18(16), 8403.<br \/>6. Zhou, B., Carrillo-Larco, R. M., Danaei, G., Riley, L. M., Paciorek, C. J., Stevens, G. A., &#8230; &amp; Breckenkamp, J. (2021). Worldwide trends in hypertension prevalence and progress in treatment and control from 1990 to 2019: a pooled analysis of 1201 population-representative studies with 104 million participants. The Lancet, 398(10304), 957-980.<br \/>5. Stergiou, G., Menti, A., Papadakis, I., Kalpourtzi, N., Doumas, M., Kalaitzidis, R., &#8230; &amp; Zebekakis, P. (2021). OPPORTUNISTIC SCREENING FOR HYPERTENSION VERSUS NATIONAL MULTISTAGE STRATIFIED HEALTH SURVEY: 2019 ISH\/MMM IN GREECE VERSUS NATIONAL SURVEY EMENO. Journal of Hypertension, 39, e233.<br \/>4. Makrilakis, K., Kalpourtzi, N., Ioannidis, I., Iraklianou, S., Raptis, A., Sotiropoulos, A., &#8230; &amp; EMENO Study Group. (2021). Prevalence of diabetes and pre-diabetes in Greece. Results of the First National Survey of Morbidity and Risk Factors (EMENO) study. Diabetes Research and Clinical Practice, 172, 108646.<br \/>3.Touloumi, G., Kalpourtzi, N., Papastamopoulos, V., Paparizos, V., Adamis, G., Antoniadou, A., &#8230; &amp; AMACS and EMENO. (2020). Cardiovascular risk factors in HIV infected individuals: Comparison with general adult control population in Greece. Plos one, 15(3), e0230730.<br \/>2.Touloumi, G., Karakosta, A., Kalpourtzi, N., Gavana, M., Vantarakis, A., Kantzanou, M., &#8230; &amp; Stergiou, G. (2020). High prevalence of cardiovascular risk factors in adults living in Greece: the EMENO National Health Examination Survey. BMC Public Health, 20(1), 1-10.<br \/>1.Stergiou, G. S., Menti, A., Kalpourtzi, N., Gavana, M., Vantarakis, A., Chlouverakis, G., &#8230; &amp; Touloumi, G. (2020). Prevalence, awareness, treatment and control of hypertension in Greece: EMENO national epidemiological study. Journal of Hypertension, 38, 000-000.<\/p>\n<\/p>\n<h1>SCHOLARSHIPS<\/h1>\n<p>2014-2015: Awarded for the first year of the MSc based on academic achievement.<\/p>\n<p>2019-2022: Funded for the Ph.D.<sup>\u03b7\u03c2 <\/sup>by the Hellenic Foundation for Research and Innovation\u00a0\u00a0\u00a0\u00a0\u00a0\u00a0\u00a0\u00a0\u00a0\u00a0\u00a0\u00a0\u00a0\u00a0\u00a0\u00a0\u00a0\u00a0\u00a0\u00a0\u00a0\u00a0\u00a0\u00a0\u00a0\u00a0\u00a0\u00a0\u00a0\u00a0\u00a0\u00a0\u00a0\u00a0\u00a0\u00a0\u00a0\u00a0\u00a0\u00a0\u00a0\u00a0\u00a0\u00a0\u00a0\u00a0\u00a0\u00a0\u00a0\u00a0\u00a0\u00a0\u00a0\u00a0\u00a0\u00a0\u00a0\u00a0\u00a0\u00a0\u00a0\u00a0\u00a0\u00a0\u00a0\u00a0\u00a0\u00a0\u00a0\u00a0\u00a0\u00a0\u00a0\u00a0\u00a0\u00a0\u00a0\u00a0\u00a0\u00a0\u00a0\u00a0\u00a0\u00a0\u00a0\u00a0\u00a0\u00a0\u00a0\u00a0\u00a0\u00a0<\/p>\n<\/p>\n<h1>\u03a3\u03c4\u03b1\u03c4\u03b9\u03c3\u03c4\u03b9\u03ba\u03b1 \u03c0\u03b1\u03ba\u03b5\u03c4\u03b1 \/ \u0393\u03bb\u03c9\u03c3\u03c3\u03b5\u03c3 \u03c0\u03c1\u03bf\u03b3\u03c1\u03b1\u03bc\u03bc\u03b1\u03c4\u03b9\u03c3\u03bc\u03bf\u03c5\u00a0 \u00a0 \u00a0 \u00a0 \u00a0 \u00a0 \u00a0 \u00a0 \u00a0 \u00a0 \u00a0 \u00a0 \u00a0 \u00a0 \u00a0 \u00a0 \u00a0 \u00a0 \u00a0 \u00a0 \u00a0 \u00a0\u00a0<\/h1>\n<ul>\n<li>Stata<\/li>\n<li>R<\/li>\n<\/ul>\n<h1>\u0393\u039b\u03a9\u03a3\u03a3\u0395\u03a3\u00a0 \u00a0 \u00a0 \u00a0 \u00a0 \u00a0 \u00a0 \u00a0 \u00a0 \u00a0 \u00a0 \u00a0 \u00a0 \u00a0 \u00a0 \u00a0 \u00a0 \u00a0 \u00a0 \u00a0 \u00a0 \u00a0 \u00a0 \u00a0 \u00a0 \u00a0 \u00a0 \u00a0 \u00a0 \u00a0 \u00a0<\/h1>\n<ul>\n<li>\u0391\u03b3\u03b3\u03bb\u03b9\u03ba\u03b1 \u2013 \u0395\u03c0\u03af\u03c0\u03b5\u03b4\u03bf C2, Examination of the proficiency in English (ECPE)<\/li>\n<li>\u0393\u03b1\u03bb\u03bb\u03b9\u03ba\u03ac \u2013 \u0395\u03c0\u03af\u03c0\u03b4\u03b5\u03bf B2, D<strong>ipl\u00f4me d&#8217;\u00e9tudes en langue fran\u00e7aise (DELF)<\/strong><\/li>\n<li>\u0399\u03c3\u03c0\u03b1\u03bd\u03b9\u03ba\u03ac \u2013 \u0395\u03c0\u03af\u03c0\u03b5\u03b4\u03bf \u03922, Diploma de Espa\u00f1ol como lengua Extranjera (DELE)<\/li>\n<\/ul>\n<\/div>\n<\/div><\/div>","protected":false},"excerpt":{"rendered":"","protected":false},"author":4,"featured_media":0,"parent":0,"menu_order":0,"comment_status":"closed","ping_status":"closed","template":"","meta":{"footnotes":""},"_links":{"self":[{"href":"https:\/\/biostatistics.med.uoa.gr\/en\/wp-json\/wp\/v2\/pages\/2686"}],"collection":[{"href":"https:\/\/biostatistics.med.uoa.gr\/en\/wp-json\/wp\/v2\/pages"}],"about":[{"href":"https:\/\/biostatistics.med.uoa.gr\/en\/wp-json\/wp\/v2\/types\/page"}],"author":[{"embeddable":true,"href":"https:\/\/biostatistics.med.uoa.gr\/en\/wp-json\/wp\/v2\/users\/4"}],"replies":[{"embeddable":true,"href":"https:\/\/biostatistics.med.uoa.gr\/en\/wp-json\/wp\/v2\/comments?post=2686"}],"version-history":[{"count":2,"href":"https:\/\/biostatistics.med.uoa.gr\/en\/wp-json\/wp\/v2\/pages\/2686\/revisions"}],"predecessor-version":[{"id":2691,"href":"https:\/\/biostatistics.med.uoa.gr\/en\/wp-json\/wp\/v2\/pages\/2686\/revisions\/2691"}],"wp:attachment":[{"href":"https:\/\/biostatistics.med.uoa.gr\/en\/wp-json\/wp\/v2\/media?parent=2686"}],"curies":[{"name":"wp","href":"https:\/\/api.w.org\/{rel}","templated":true}]}}